{"id":145,"date":"2025-01-03T22:27:06","date_gmt":"2025-01-03T21:27:06","guid":{"rendered":"https:\/\/pixel.apalis.fr\/?page_id=145"},"modified":"2025-01-03T22:27:06","modified_gmt":"2025-01-03T21:27:06","slug":"bienvenue-au-lgs","status":"publish","type":"page","link":"https:\/\/pixel.apalis.fr\/?page_id=145","title":{"rendered":"Bienvenue au LGs !"},"content":{"rendered":"\n<p>Bienvenue sur la page de pr\u00e9paration aux prochains LG. Ici, vous trouverez les r\u00e8gles, des bonus. Ou bien juste des infos.<\/p>\n\n\n\n<p>PS. En temps que site internet ouvert \u00e0 tout publique, nous ne ferons pas circuler d&rsquo;information personnelles par le site, nous vous encourageons \u00e0 faire de m\u00eame.<\/p>\n\n\n\n<p>Briseus_            &#8211;          L3onard_38<\/p>\n","protected":false},"excerpt":{"rendered":"<p>Bienvenue sur la page de pr\u00e9paration aux prochains LG. Ici, vous trouverez les r\u00e8gles, des bonus. Ou bien juste des infos. PS. En temps que site internet ouvert \u00e0 tout publique, nous ne ferons pas circuler d&rsquo;information personnelles par le site, nous vous encourageons \u00e0 faire de m\u00eame. Briseus_ &#8211; L3onard_38<\/p>\n","protected":false},"author":1,"featured_media":146,"parent":0,"menu_order":0,"comment_status":"closed","ping_status":"closed","template":"","meta":{"footnotes":""},"class_list":["post-145","page","type-page","status-publish","has-post-thumbnail","hentry"],"_links":{"self":[{"href":"https:\/\/pixel.apalis.fr\/index.php?rest_route=\/wp\/v2\/pages\/145","targetHints":{"allow":["GET"]}}],"collection":[{"href":"https:\/\/pixel.apalis.fr\/index.php?rest_route=\/wp\/v2\/pages"}],"about":[{"href":"https:\/\/pixel.apalis.fr\/index.php?rest_route=\/wp\/v2\/types\/page"}],"author":[{"embeddable":true,"href":"https:\/\/pixel.apalis.fr\/index.php?rest_route=\/wp\/v2\/users\/1"}],"replies":[{"embeddable":true,"href":"https:\/\/pixel.apalis.fr\/index.php?rest_route=%2Fwp%2Fv2%2Fcomments&post=145"}],"version-history":[{"count":1,"href":"https:\/\/pixel.apalis.fr\/index.php?rest_route=\/wp\/v2\/pages\/145\/revisions"}],"predecessor-version":[{"id":147,"href":"https:\/\/pixel.apalis.fr\/index.php?rest_route=\/wp\/v2\/pages\/145\/revisions\/147"}],"wp:featuredmedia":[{"embeddable":true,"href":"https:\/\/pixel.apalis.fr\/index.php?rest_route=\/wp\/v2\/media\/146"}],"wp:attachment":[{"href":"https:\/\/pixel.apalis.fr\/index.php?rest_route=%2Fwp%2Fv2%2Fmedia&parent=145"}],"curies":[{"name":"wp","href":"https:\/\/api.w.org\/{rel}","templated":true}]}}