{"id":157,"date":"2025-01-03T22:46:34","date_gmt":"2025-01-03T21:46:34","guid":{"rendered":"https:\/\/pixel.apalis.fr\/?page_id=157"},"modified":"2025-01-11T11:55:15","modified_gmt":"2025-01-11T10:55:15","slug":"all-stars-lg","status":"publish","type":"page","link":"https:\/\/pixel.apalis.fr\/?page_id=157","title":{"rendered":"All Stars LG"},"content":{"rendered":"\n<p>Bienvenue sur la page du All Stars, normalement pr\u00e9sent\u00e9e par Briseus. Le principe de ce LG est simple : chaque personne qui vient au LG \u00e0 le droit \u00e0 une r\u00f4le de la Japanimation (Manga, anime, jeux vid\u00e9o&#8230;) et avec tout cela on cr\u00e9\u00e9 un LG, voici donc les r\u00f4les d\u00e9j\u00e0 existants !<\/p>\n\n\n\n<p>Cet endroit seras divis\u00e9 en 5 zones :<br>-&gt; Protagonistes (Gojo, Anya Forger, Sayku&#8230;)<br>-&gt; Antagonistes (Takuto Ira, Rathalos, Kenjaku&#8230;)<br>-&gt; Divergents (Rosalina, Mio, Sayori&#8230;)<br>-&gt; Solitaires et r\u00f4les \u00e0 changement de camp (Johan Liebert, Aizen, Sukuna, Kira&#8230;)<br>-&gt; Fiches du MJ<\/p>\n\n\n\n<p><\/p>\n\n\n\n<p>Je profite d&rsquo;avoir la parole pour d\u00e9clarer que je refuse de faire la carte de n&rsquo;importe quel personnage qui viendrais de One Piece ou de Hentai.<br><br>-Sign\u00e9 : L3onard_38-<\/p>\n\n\n\n<figure class=\"wp-block-embed is-type-wp-embed is-provider-pixel-blog wp-block-embed-pixel-blog\"><div class=\"wp-block-embed__wrapper\">\n<blockquote class=\"wp-embedded-content\" data-secret=\"xQ08zQJSAL\"><a href=\"https:\/\/pixel.apalis.fr\/?page_id=178\">Roles Solitaires<\/a><\/blockquote><iframe loading=\"lazy\" class=\"wp-embedded-content\" sandbox=\"allow-scripts\" security=\"restricted\" style=\"position: absolute; visibility: hidden;\" title=\"\u00ab\u00a0Roles Solitaires\u00a0\u00bb &#8212; Pixel Blog\" src=\"https:\/\/pixel.apalis.fr\/?page_id=178&#038;embed=true#?secret=tzUg4ONymZ#?secret=xQ08zQJSAL\" data-secret=\"xQ08zQJSAL\" width=\"600\" height=\"338\" frameborder=\"0\" marginwidth=\"0\" marginheight=\"0\" scrolling=\"no\"><\/iframe>\n<\/div><\/figure>\n","protected":false},"excerpt":{"rendered":"<p>Bienvenue sur la page du All Stars, normalement pr\u00e9sent\u00e9e par Briseus. Le principe de ce LG est simple : chaque personne qui vient au LG \u00e0 le droit \u00e0 une r\u00f4le de la Japanimation (Manga, anime, jeux vid\u00e9o&#8230;) et avec tout cela on cr\u00e9\u00e9 un LG, voici donc les r\u00f4les d\u00e9j\u00e0 existants ! Cet endroit&#8230;<\/p>\n<p class=\"more-link-wrap\"><a href=\"https:\/\/pixel.apalis.fr\/?page_id=157\" class=\"more-link\">Read More<span class=\"screen-reader-text\"> &ldquo;All Stars LG&rdquo;<\/span> &raquo;<\/a><\/p>\n","protected":false},"author":1,"featured_media":160,"parent":0,"menu_order":0,"comment_status":"closed","ping_status":"closed","template":"","meta":{"footnotes":""},"class_list":["post-157","page","type-page","status-publish","has-post-thumbnail","hentry"],"_links":{"self":[{"href":"https:\/\/pixel.apalis.fr\/index.php?rest_route=\/wp\/v2\/pages\/157","targetHints":{"allow":["GET"]}}],"collection":[{"href":"https:\/\/pixel.apalis.fr\/index.php?rest_route=\/wp\/v2\/pages"}],"about":[{"href":"https:\/\/pixel.apalis.fr\/index.php?rest_route=\/wp\/v2\/types\/page"}],"author":[{"embeddable":true,"href":"https:\/\/pixel.apalis.fr\/index.php?rest_route=\/wp\/v2\/users\/1"}],"replies":[{"embeddable":true,"href":"https:\/\/pixel.apalis.fr\/index.php?rest_route=%2Fwp%2Fv2%2Fcomments&post=157"}],"version-history":[{"count":2,"href":"https:\/\/pixel.apalis.fr\/index.php?rest_route=\/wp\/v2\/pages\/157\/revisions"}],"predecessor-version":[{"id":180,"href":"https:\/\/pixel.apalis.fr\/index.php?rest_route=\/wp\/v2\/pages\/157\/revisions\/180"}],"wp:featuredmedia":[{"embeddable":true,"href":"https:\/\/pixel.apalis.fr\/index.php?rest_route=\/wp\/v2\/media\/160"}],"wp:attachment":[{"href":"https:\/\/pixel.apalis.fr\/index.php?rest_route=%2Fwp%2Fv2%2Fmedia&parent=157"}],"curies":[{"name":"wp","href":"https:\/\/api.w.org\/{rel}","templated":true}]}}