{"id":163,"date":"2025-01-05T21:09:17","date_gmt":"2025-01-05T20:09:17","guid":{"rendered":"https:\/\/pixel.apalis.fr\/?page_id=163"},"modified":"2025-01-05T21:09:18","modified_gmt":"2025-01-05T20:09:18","slug":"roles-solos-et-divergents","status":"publish","type":"page","link":"https:\/\/pixel.apalis.fr\/?page_id=163","title":{"rendered":"Roles Solos et divergents\u00a0:"},"content":{"rendered":"\n<p>Les Solitaires sont les r\u00f4les qui gagnent en \u00e9liminant tous seuls ou en suivant une certaine conditions. Les divergents sont les r\u00f4les qui choisissent leur camp en d\u00e9but de partie.<\/p>\n\n\n\n<p><strong>SOLITAIRES&nbsp;:<\/strong><\/p>\n\n\n\n<p><strong>Le Tra\u00eetre&nbsp;:<\/strong><\/p>\n\n\n\n<p>-Choisis un camp en d\u00e9but de partie, il devra faire perdre ce dernier, mais b\u00e9n\u00e9ficiera de diff\u00e9rent avantages en fonction de cette attribution&nbsp;:<\/p>\n\n\n\n<p>\u2192 Loup&nbsp;: S\u2019\u00e9veille avec les Loups, et vote avec eux.<\/p>\n\n\n\n<p>\u2192 Villageois&nbsp;: Ne pourra pas mourir la nuit, pourra tuer un joueur toutes les deux nuits, de plus, il apprendra l\u2019identit\u00e9 et la carte d\u2019un villageois au hasard.<\/p>\n\n\n\n<p><strong>Le Bouffon&nbsp;:<\/strong><\/p>\n\n\n\n<p>-Gagne si se fait \u00e9liminer au vote du village.<\/p>\n\n\n\n<p>-Si en couple et que c\u2019est son couple qui meurt lors du vote, il meurt quand m\u00eame sans gagner. Cependant, s\u2019il se fait \u00e9liminer lui, son couple gagne \u00e9galement.<\/p>\n\n\n\n<p><strong>La Chose&nbsp;:<\/strong><\/p>\n\n\n\n<p>-Ne peut mourir la nuit.<\/p>\n\n\n\n<p>-\u00c9limine un joueur toutes les deux nuits.<\/p>\n\n\n\n<p>\u2192 La chose gagne une \u00e9limination toutes les deux nuit par r\u00f4le solo qu\u2019il \u00e0 \u00e9limin\u00e9 (Ange D\u00e9chu, Bouffon, LGB\u2026 La sentinelle est consid\u00e9r\u00e9e comme solo par la chose)<\/p>\n\n\n\n<p>-Ne peut \u00e9liminer certains joueurs&nbsp;:<\/p>\n\n\n\n<p>\u2192 Le Loup Alpha tant que le Loup Perfide est vivant<\/p>\n\n\n\n<p>\u2192 La Sentinelle tant que la Petite fille est vivante<\/p>\n\n\n\n<p>-La Petite fille et le Loup Perfide s\u2019\u00e9veillent discr\u00e8tement pendant son tour.<\/p>\n\n\n\n<p><strong>Loup Garou Blanc&nbsp;: (LGB)<\/strong><\/p>\n\n\n\n<p>-Se r\u00e9veille avec les loups comme l\u2019un d\u2019entre eux.<\/p>\n\n\n\n<p>-Se r\u00e9veille \u00e9galement seul une nuit sur deux pour tuer un joueur suppl\u00e9mentaire.<\/p>\n\n\n\n<p>-S\u2019il \u00e9limine le Grand M\u00e9chant Loup sur son r\u00e9veil seul, il se r\u00e9veillera non plus une nuit sur deux, mais toutes les nuits.<\/p>\n\n\n\n<p><strong>R\u00f4les de flammes&nbsp;:<\/strong><\/p>\n\n\n\n<p>Chacun de ces r\u00f4les gagne seul, mais ne peut an\u00e9antir son rival, il devra donc utiliser la strat\u00e9gie pour tuer son rival. Les parties avec Pyromane et Feu Follet s\u2019appellent \u00ab&nbsp;Retour des Flammes&nbsp;\u00bb.<\/p>\n\n\n\n<p><strong>Le Pyromane&nbsp;:<\/strong><\/p>\n\n\n\n<p>-Peut verser de naissance sur 1 ou2 joueurs par nuit (selon nombre de joueur)<\/p>\n\n\n\n<p>-Une fois que tous les joueurs vivants en sont recouverts, peu craquer son allumette, les an\u00e9antissant tous.<\/p>\n\n\n\n<p>-Il peut se verser de l\u2019essence sur lui-m\u00eame sans mourir.<\/p>\n\n\n\n<p>-Si en couple, peut retirer l\u2019essence de son couple en gaspillant un tour complet.<\/p>\n\n\n\n<p>-Il b\u00e9n\u00e9ficie d\u2019une r\u00e9sistance de nuit (le MJ peut choisir de la retirer en d\u00e9but de partie), cette r\u00e9sistance ne prendra pas effet face \u00e0 La Chose.<\/p>\n\n\n\n<p><strong>Le Feu Follet&nbsp;:<\/strong><\/p>\n\n\n\n<p>-Choisis au d\u00e9but de la partie un signe, lorsqu\u2019il fera ce dernier, tous ceux qui ont d\u00e9j\u00e0 vot\u00e9 pour lui seront an\u00e9anti (une fois\/partie)<\/p>\n\n\n\n<p>-Tous les trois votes qu\u2019il re\u00e7oit, il an\u00e9antit le premier des trois joueurs \u00e0 avoir vot\u00e9 pour lui (le triple vote de l\u2019Ange D\u00e9chu an\u00e9antit directement ce dernier APRES l\u2019annonce des mort de la nuit, si feu follet mort, l\u2019Ange ne meurt pas).<\/p>\n\n\n\n<p>-Ne peut mourir le jour.<\/p>\n\n\n\n<p>-Si en couple, son camarade doit faire attention \u00e0 combienti\u00e8me il vote.<\/p>\n\n\n\n<p><strong>DIVERGENTS&nbsp;:<\/strong><\/p>\n\n\n\n<p><strong>Ange&nbsp;: (<\/strong><strong>Villageois<\/strong><strong>, <\/strong><strong>Solo<\/strong><strong>)<\/strong><\/p>\n\n\n\n<p>-Ne peut mourir le jour<\/p>\n\n\n\n<p>-Choisis son camp en d\u00e9but de partie<\/p>\n\n\n\n<ul class=\"wp-block-list\">\n<li><strong>Ange D\u00e9chu (Solo)\u00a0:<\/strong><\/li>\n<\/ul>\n\n\n\n<p>-Poss\u00e8de une cible \u00e0 \u00e9liminer au vote du village (il doit participer au votes pour ganger l\u2019avantage)<\/p>\n\n\n\n<p>-D\u00e9pose pendant la nuit des votes sur la personne de son choix 1 de base, ou 3 s\u2019il \u00e0 \u00e9limin\u00e9 sa cible.<\/p>\n\n\n\n<ul class=\"wp-block-list\">\n<li><strong>Ange Gardien (Villageois)\u00a0:<\/strong> -Poss\u00e8de une personne \u00e0 d\u00e9fendre de son choix -Il peut d\u00e9fendre deux personnes par jour du vote si la personne \u00e0 d\u00e9fendre est vivante, et aucune si cette derni\u00e8re est morte.<\/li>\n<\/ul>\n\n\n\n<p><strong>Le Chien Loup&nbsp;:<\/strong><\/p>\n\n\n\n<p>-Choisis son camp en d\u00e9but de partie&nbsp;:<\/p>\n\n\n\n<ul class=\"wp-block-list\">\n<li><strong>Loup Garou\u00a0:<\/strong> -Gagne avec les Loups, mais ne r\u00e9veilleras pas avec eux avant la troisi\u00e8me nuit. Son identit\u00e9 sera alors d\u00e9voil\u00e9e au Loup Alpha et Grand M\u00e9chant Loup.<\/li>\n\n\n\n<li><strong>Chien\u00a0: (Villageois)<\/strong> -Se r\u00e9veille avec les Loups comme l\u2019un deux mais gagne avec le village.<\/li>\n<\/ul>\n\n\n\n<p><strong>L\u2019Enfant Sauvage&nbsp;:<\/strong><\/p>\n\n\n\n<p>-Choisis un mentor en d\u00e9but de partie, tant que ce dernier sera vivant, il appartiendra au camp des villageois et se r\u00e9veillera discr\u00e8tement durant le tour des Loups, et de la chose \u00e0 partir de la troisi\u00e8me nuit.<\/p>\n\n\n\n<p>-Si son mod\u00e8le meurt, il devient instantan\u00e9ment un Loup Garou.<\/p>\n\n\n\n<p>-Le Loup Alpha apprend son identit\u00e9 en d\u00e9but de partie.<\/p>\n\n\n","protected":false},"excerpt":{"rendered":"<p>Les Solitaires sont les r\u00f4les qui gagnent en \u00e9liminant tous seuls ou en suivant une certaine conditions. Les divergents sont les r\u00f4les qui choisissent leur camp en d\u00e9but de partie. SOLITAIRES&nbsp;: Le Tra\u00eetre&nbsp;: -Choisis un camp en d\u00e9but de partie, il devra faire perdre ce dernier, mais b\u00e9n\u00e9ficiera de diff\u00e9rent avantages en fonction de cette&#8230;<\/p>\n<p class=\"more-link-wrap\"><a href=\"https:\/\/pixel.apalis.fr\/?page_id=163\" class=\"more-link\">Read More<span class=\"screen-reader-text\"> &ldquo;Roles Solos et divergents\u00a0:&rdquo;<\/span> &raquo;<\/a><\/p>\n","protected":false},"author":1,"featured_media":0,"parent":0,"menu_order":0,"comment_status":"closed","ping_status":"closed","template":"","meta":{"footnotes":""},"class_list":["post-163","page","type-page","status-publish","hentry"],"_links":{"self":[{"href":"https:\/\/pixel.apalis.fr\/index.php?rest_route=\/wp\/v2\/pages\/163","targetHints":{"allow":["GET"]}}],"collection":[{"href":"https:\/\/pixel.apalis.fr\/index.php?rest_route=\/wp\/v2\/pages"}],"about":[{"href":"https:\/\/pixel.apalis.fr\/index.php?rest_route=\/wp\/v2\/types\/page"}],"author":[{"embeddable":true,"href":"https:\/\/pixel.apalis.fr\/index.php?rest_route=\/wp\/v2\/users\/1"}],"replies":[{"embeddable":true,"href":"https:\/\/pixel.apalis.fr\/index.php?rest_route=%2Fwp%2Fv2%2Fcomments&post=163"}],"version-history":[{"count":1,"href":"https:\/\/pixel.apalis.fr\/index.php?rest_route=\/wp\/v2\/pages\/163\/revisions"}],"predecessor-version":[{"id":165,"href":"https:\/\/pixel.apalis.fr\/index.php?rest_route=\/wp\/v2\/pages\/163\/revisions\/165"}],"wp:attachment":[{"href":"https:\/\/pixel.apalis.fr\/index.php?rest_route=%2Fwp%2Fv2%2Fmedia&parent=163"}],"curies":[{"name":"wp","href":"https:\/\/api.w.org\/{rel}","templated":true}]}}