{"id":204,"date":"2025-01-18T11:05:15","date_gmt":"2025-01-18T10:05:15","guid":{"rendered":"https:\/\/pixel.apalis.fr\/?page_id=204"},"modified":"2025-01-18T11:25:35","modified_gmt":"2025-01-18T10:25:35","slug":"protagonistes","status":"publish","type":"page","link":"https:\/\/pixel.apalis.fr\/?page_id=204","title":{"rendered":"Protagonistes"},"content":{"rendered":"\n<p>Ce camp repr\u00e9sente les gentil. Ils se r\u00e9veillent le jour pour essayer d\u2019\u00e9liminer les traitres \u00e0 leur \u00e9quipe.<\/p>\n\n\n\n<figure class=\"wp-block-image size-full is-resized\"><img loading=\"lazy\" decoding=\"async\" width=\"600\" height=\"870\" src=\"https:\/\/pixel.apalis.fr\/wp-content\/uploads\/2025\/01\/Kyoka.png\" alt=\"\" class=\"wp-image-205\" style=\"width:250px\" srcset=\"https:\/\/pixel.apalis.fr\/wp-content\/uploads\/2025\/01\/Kyoka.png 600w, https:\/\/pixel.apalis.fr\/wp-content\/uploads\/2025\/01\/Kyoka-207x300.png 207w\" sizes=\"auto, (max-width: 600px) 100vw, 600px\" \/><\/figure>\n\n\n\n<p><strong>Kyoka :<\/strong><br>-> Maitrise du son : Ne peut mourir \u00e0 cause d&rsquo;une phrase d&rsquo;un autre joueur.<br>-> Chaque nuit, le MJ lui montre combien d&rsquo;antagonistes se sont r\u00e9veill\u00e9s.<br>-> Ondes sonores : Une fois par partie, elle peut faire d\u00e9poser un casque de musique sur un joueur. Ce dernier aura de la musique dans les oreilles toute la journ\u00e9e, l&#8217;emp\u00eachant d&rsquo;\u00e9couter les d\u00e9bats.<\/p>\n\n\n\n<figure class=\"wp-block-image size-full is-resized\"><img loading=\"lazy\" decoding=\"async\" width=\"600\" height=\"870\" src=\"https:\/\/pixel.apalis.fr\/wp-content\/uploads\/2025\/01\/Senku.png\" alt=\"\" class=\"wp-image-206\" style=\"width:250px\" srcset=\"https:\/\/pixel.apalis.fr\/wp-content\/uploads\/2025\/01\/Senku.png 600w, https:\/\/pixel.apalis.fr\/wp-content\/uploads\/2025\/01\/Senku-207x300.png 207w\" sizes=\"auto, (max-width: 600px) 100vw, 600px\" \/><\/figure>\n\n\n\n<p><strong>Senku :<\/strong><br>-&gt; Innovation Scientifique : Si Senku obtient un objet, il pourras l&rsquo;\u00e9changer au MJ contre une invuln\u00e9rabilit\u00e9 le jour ou la nuit.<br>-&gt; Genius : Chaque nuit, Senku peut faire comparer son intelligence \u00e0 celle d&rsquo;un joueur, si le MJ trouve que Senku est plus intelligent que l&rsquo;autre r\u00f4le, il obtiendras une protection sur la dur\u00e9e de la journ\u00e9e du lendemain.<br>-&gt; Know your limit : Si Senku compare son intelligence \u00e0 celle de Johan, il seras retrouv\u00e9 mort d&rsquo;un suicide le matin.<\/p>\n\n\n\n<figure class=\"wp-block-image size-full is-resized\"><img loading=\"lazy\" decoding=\"async\" width=\"600\" height=\"870\" src=\"https:\/\/pixel.apalis.fr\/wp-content\/uploads\/2025\/01\/Riku-Sakagami.png\" alt=\"\" class=\"wp-image-207\" style=\"width:250px\" srcset=\"https:\/\/pixel.apalis.fr\/wp-content\/uploads\/2025\/01\/Riku-Sakagami.png 600w, https:\/\/pixel.apalis.fr\/wp-content\/uploads\/2025\/01\/Riku-Sakagami-207x300.png 207w\" sizes=\"auto, (max-width: 600px) 100vw, 600px\" \/><\/figure>\n\n\n\n<p><strong>Riku Sakagami :<\/strong><br>-&gt; Protection c\u00e9leste : Les joueurs adjacent \u00e0 Riku ne peuvent pas \u00eatre tu\u00e9s par l&rsquo;assembl\u00e9e des Antagonistes.<br>-&gt; Vision Divine : Une fois par partie, il peut retourner de fa\u00e7on d\u00e9finitive la carte d&rsquo;un joueur, la rendant visible de tous.<br>-&gt; R\u00e9demption de la Justice : Peut une fois par partie faire annuler la mort d&rsquo;un joueur au vote du vilage, \u00e0 condition de se manifester avant que le MJ ne prenne sa carte (ne marche pas sur lui m\u00eame).<\/p>\n\n\n\n<figure class=\"wp-block-image size-full is-resized\"><img loading=\"lazy\" decoding=\"async\" width=\"600\" height=\"870\" src=\"https:\/\/pixel.apalis.fr\/wp-content\/uploads\/2025\/01\/Lily.png\" alt=\"\" class=\"wp-image-208\" style=\"width:250px\" srcset=\"https:\/\/pixel.apalis.fr\/wp-content\/uploads\/2025\/01\/Lily.png 600w, https:\/\/pixel.apalis.fr\/wp-content\/uploads\/2025\/01\/Lily-207x300.png 207w\" sizes=\"auto, (max-width: 600px) 100vw, 600px\" \/><\/figure>\n\n\n\n<p><strong>Lily :<\/strong><br>Chaque nuit, elle peut utiliser un de ses esprits, choisis par le MJ :<br>-&gt; Esprit de la sagesse : Permet de voir la carte d&rsquo;un autre joueur<br>-&gt; Esprit de lumi\u00e8re : Peut prot\u00e9ger un joueur de la mort pour la dur\u00e9e de la nuit.<br>-&gt; Esprit de l&rsquo;ombre : Peut choisir d&rsquo;\u00e9liminer un joueur.<br>De plus, \u00e0 partir du moment ou elle est la derni\u00e8re protagoniste de la partie, elle peut utiliser les trois esprits d&rsquo;un coup la m\u00eame nuit.<\/p>\n\n\n\n<figure class=\"wp-block-image size-full is-resized\"><img loading=\"lazy\" decoding=\"async\" width=\"600\" height=\"870\" src=\"https:\/\/pixel.apalis.fr\/wp-content\/uploads\/2025\/01\/Edwardfinal.png\" alt=\"\" class=\"wp-image-209\" style=\"width:250px\" srcset=\"https:\/\/pixel.apalis.fr\/wp-content\/uploads\/2025\/01\/Edwardfinal.png 600w, https:\/\/pixel.apalis.fr\/wp-content\/uploads\/2025\/01\/Edwardfinal-207x300.png 207w\" sizes=\"auto, (max-width: 600px) 100vw, 600px\" \/><\/figure>\n\n\n\n<p><strong>Edward Elric : (Protagoniste Majeur)<\/strong><br>-&gt; Transmutation : Peut faire changer le camp d&rsquo;un joueur de son choix, le nouveau camp seras choisi par le MJ.<br>-&gt; Si l\u2019art\u00e9fact gentil est en possession d&rsquo;un protagonistes, utilise sa comp\u00e9tence. <br>Cercle de sang : La moiti\u00e9 +1 des protagonistes encore vivant re\u00e7oivent une seconde vie.<\/p>\n\n\n\n<figure class=\"wp-block-image size-full is-resized\"><img loading=\"lazy\" decoding=\"async\" width=\"600\" height=\"870\" src=\"https:\/\/pixel.apalis.fr\/wp-content\/uploads\/2025\/01\/anya-def.png\" alt=\"\" class=\"wp-image-210\" style=\"width:255px\" srcset=\"https:\/\/pixel.apalis.fr\/wp-content\/uploads\/2025\/01\/anya-def.png 600w, https:\/\/pixel.apalis.fr\/wp-content\/uploads\/2025\/01\/anya-def-207x300.png 207w\" sizes=\"auto, (max-width: 600px) 100vw, 600px\" \/><\/figure>\n\n\n\n<p><strong>Anya Forger : <\/strong><br>-&gt; Chaque nuit, elle peut observer la carte d&rsquo;un joueur.<br>-&gt; Si elle utilise son pouvoir sur Johan, elle perd son pouvoir de fa\u00e7on d\u00e9finitive apr\u00e8s avoir vue la carte.<\/p>\n\n\n\n<figure class=\"wp-block-image size-full is-resized\"><img loading=\"lazy\" decoding=\"async\" width=\"600\" height=\"870\" src=\"https:\/\/pixel.apalis.fr\/wp-content\/uploads\/2025\/01\/light.png\" alt=\"\" class=\"wp-image-211\" style=\"width:250px\" srcset=\"https:\/\/pixel.apalis.fr\/wp-content\/uploads\/2025\/01\/light.png 600w, https:\/\/pixel.apalis.fr\/wp-content\/uploads\/2025\/01\/light-207x300.png 207w\" sizes=\"auto, (max-width: 600px) 100vw, 600px\" \/><\/figure>\n\n\n\n<p><strong>Light Yagami :<\/strong><br>-&gt; Death note : Une nuit sur deux, Light peut utiliser son Death note sur quelqu&rsquo;un, si ce joueur \u00e0 d\u00e9j\u00e0 \u00e9limin\u00e9 un joueur, il meurt instantan\u00e9ment.<br>-&gt; H\u00e9ritage de la mort : Si Light vient \u00e0 mourir, il transmet son Death note \u00e0 un joueur de son choix, ce dernier obtiendra le pouvoir du livre, tout en conservant son camp et ses anciens pouvoirs.<br>-&gt; BOKU GA KIRA : D\u00e8s qu&rsquo;un joueur protagonistes meurt au vote du village, Light devient Kira, le r\u00f4le solitaires jusqu&rsquo;\u00e0 la fin de la partie. Le MJ n&rsquo;est pas oblig\u00e9 d&rsquo;activer ce sc\u00e9nario.<\/p>\n\n\n\n<figure class=\"wp-block-image size-full is-resized\"><img loading=\"lazy\" decoding=\"async\" width=\"600\" height=\"870\" src=\"https:\/\/pixel.apalis.fr\/wp-content\/uploads\/2025\/01\/loyd-frontera.png\" alt=\"\" class=\"wp-image-212\" style=\"width:250px\" srcset=\"https:\/\/pixel.apalis.fr\/wp-content\/uploads\/2025\/01\/loyd-frontera.png 600w, https:\/\/pixel.apalis.fr\/wp-content\/uploads\/2025\/01\/loyd-frontera-207x300.png 207w\" sizes=\"auto, (max-width: 600px) 100vw, 600px\" \/><\/figure>\n\n\n\n<p><strong>Lloyd Frontera :<\/strong><br>-&gt; Zone d&rsquo;influence : Lloyd est immunis\u00e9 de tout effet n\u00e9gatif qui viendrais de ses voisins.<br>-&gt; Am\u00e9nagement : Une fois par partie, Lloyd peut prot\u00e9ger une place dans le cercle, celle ci prot\u00e9geras le joueur y habitant de toutes attaques qui n\u00e9cessitent d&rsquo;attaquer le joueur lorsqu&rsquo;il est cens\u00e9 \u00eatre chez lui (notamment pendant la nuit).<br>Si Lloyd est \u00e9lu maire (si il essaye d&rsquo;\u00eatre \u00e9lu en faisant sous entendre son r\u00f4le, le MJ doit l&rsquo;an\u00e9antir), il peut choisir son camp :<br>-Protagoniste : Trois votes au lieu des deux du maire<br>-Antagoniste : Gagne et se r\u00e9veille d\u00e9sormais avec les antagonistes.<\/p>\n\n\n\n<figure class=\"wp-block-image size-full is-resized\"><img loading=\"lazy\" decoding=\"async\" width=\"600\" height=\"870\" src=\"https:\/\/pixel.apalis.fr\/wp-content\/uploads\/2025\/01\/gojo.png\" alt=\"\" class=\"wp-image-213\" style=\"width:250px\" srcset=\"https:\/\/pixel.apalis.fr\/wp-content\/uploads\/2025\/01\/gojo.png 600w, https:\/\/pixel.apalis.fr\/wp-content\/uploads\/2025\/01\/gojo-207x300.png 207w\" sizes=\"auto, (max-width: 600px) 100vw, 600px\" \/><\/figure>\n\n\n\n<p><strong>Satoru Gojo : <\/strong><br>-&gt; Nah i&rsquo;d win : Poss\u00e8de deux vies<br>-&gt; Violet : N&rsquo;importe quand dans la partie peut faire signe de main qu&rsquo;il charge son \u00e9nergie, puis dit violet, an\u00e9antissant le joueur qu&rsquo;il vise.<\/p>\n","protected":false},"excerpt":{"rendered":"<p>Ce camp repr\u00e9sente les gentil. Ils se r\u00e9veillent le jour pour essayer d\u2019\u00e9liminer les traitres \u00e0 leur \u00e9quipe. Kyoka :-> Maitrise du son : Ne peut mourir \u00e0 cause d&rsquo;une phrase d&rsquo;un autre joueur.-> Chaque nuit, le MJ lui montre combien d&rsquo;antagonistes se sont r\u00e9veill\u00e9s.-> Ondes sonores : Une fois par partie, elle peut faire&#8230;<\/p>\n<p class=\"more-link-wrap\"><a href=\"https:\/\/pixel.apalis.fr\/?page_id=204\" class=\"more-link\">Read More<span class=\"screen-reader-text\"> &ldquo;Protagonistes&rdquo;<\/span> &raquo;<\/a><\/p>\n","protected":false},"author":1,"featured_media":0,"parent":0,"menu_order":0,"comment_status":"closed","ping_status":"closed","template":"","meta":{"footnotes":""},"class_list":["post-204","page","type-page","status-publish","hentry"],"_links":{"self":[{"href":"https:\/\/pixel.apalis.fr\/index.php?rest_route=\/wp\/v2\/pages\/204","targetHints":{"allow":["GET"]}}],"collection":[{"href":"https:\/\/pixel.apalis.fr\/index.php?rest_route=\/wp\/v2\/pages"}],"about":[{"href":"https:\/\/pixel.apalis.fr\/index.php?rest_route=\/wp\/v2\/types\/page"}],"author":[{"embeddable":true,"href":"https:\/\/pixel.apalis.fr\/index.php?rest_route=\/wp\/v2\/users\/1"}],"replies":[{"embeddable":true,"href":"https:\/\/pixel.apalis.fr\/index.php?rest_route=%2Fwp%2Fv2%2Fcomments&post=204"}],"version-history":[{"count":2,"href":"https:\/\/pixel.apalis.fr\/index.php?rest_route=\/wp\/v2\/pages\/204\/revisions"}],"predecessor-version":[{"id":223,"href":"https:\/\/pixel.apalis.fr\/index.php?rest_route=\/wp\/v2\/pages\/204\/revisions\/223"}],"wp:attachment":[{"href":"https:\/\/pixel.apalis.fr\/index.php?rest_route=%2Fwp%2Fv2%2Fmedia&parent=204"}],"curies":[{"name":"wp","href":"https:\/\/api.w.org\/{rel}","templated":true}]}}