{"id":216,"date":"2025-01-18T11:23:47","date_gmt":"2025-01-18T10:23:47","guid":{"rendered":"https:\/\/pixel.apalis.fr\/?page_id=216"},"modified":"2025-01-19T11:47:44","modified_gmt":"2025-01-19T10:47:44","slug":"divergents","status":"publish","type":"page","link":"https:\/\/pixel.apalis.fr\/?page_id=216","title":{"rendered":"Divergents"},"content":{"rendered":"\n<p>Ni gentils, ni m\u00e9chant, ce camp doit gagner ensemble, mais avec un gros d\u00e9savantage : Ils ne se connaissent pas.<\/p>\n\n\n\n<figure class=\"wp-block-image size-full is-resized\"><img loading=\"lazy\" decoding=\"async\" width=\"600\" height=\"870\" src=\"https:\/\/pixel.apalis.fr\/wp-content\/uploads\/2025\/01\/rosalinafinal.png\" alt=\"\" class=\"wp-image-217\" style=\"width:250px\" srcset=\"https:\/\/pixel.apalis.fr\/wp-content\/uploads\/2025\/01\/rosalinafinal.png 600w, https:\/\/pixel.apalis.fr\/wp-content\/uploads\/2025\/01\/rosalinafinal-207x300.png 207w\" sizes=\"auto, (max-width: 600px) 100vw, 600px\" \/><\/figure>\n\n\n\n<p><strong>Rosalina : (Divergente Originelle)<\/strong><br>-> M\u00e8re des Divergent : Ne pouvant pas supporter la mort d&rsquo;un de ses enfants, Rosalina se sacrifieras \u00e0 la place des autres. (Si c&rsquo;est Sayori qui se suicide, Rosalina mourras, mais sans sauver cette derni\u00e8re)<br>-> Scruter le Cosmos : La premi\u00e8re nuit, Rosalina apprend la liste compl\u00e8te des divergents, ainsi que leur r\u00f4les.<br>-> Barri\u00e8re \u00e9toil\u00e9e : Chaque nuit, Rosalina peut prot\u00e9ger un Divergent.<br>Si l&rsquo;art\u00e9fact divergent appartient \u00e0 un membre du camp, Rosalina peut utliser un autre pouvoir :<br>-Briser le cycle de l&rsquo;univers : Tout les \u00e9v\u00e8nements de la nuit seront annul\u00e9s, puis la nuit recommenceras, mais avec seulement les Divergents qui pourront y jouer. Rosalina peut utiliser ce pouvoir, m\u00eame apr\u00e8s sa mort, du moment que l&rsquo;art\u00e9fact est entre les mains d&rsquo;un divergent.(usage unique)<\/p>\n\n\n\n<figure class=\"wp-block-image size-full is-resized\"><img loading=\"lazy\" decoding=\"async\" width=\"600\" height=\"870\" src=\"https:\/\/pixel.apalis.fr\/wp-content\/uploads\/2025\/01\/ulquiorra.png\" alt=\"\" class=\"wp-image-218\" style=\"width:250px\" srcset=\"https:\/\/pixel.apalis.fr\/wp-content\/uploads\/2025\/01\/ulquiorra.png 600w, https:\/\/pixel.apalis.fr\/wp-content\/uploads\/2025\/01\/ulquiorra-207x300.png 207w\" sizes=\"auto, (max-width: 600px) 100vw, 600px\" \/><\/figure>\n\n\n\n<p><strong>Ulquiorra Schifer :<\/strong><br>-&gt; Espada of emptiness: Ulquiorra ne peut mourir durant la nuit.<br>-&gt; Murcielago : Ulquiorra peut tuer 1 + nombre de divergent mort. Il mourras \u00e0 la fin de la prochaine journ\u00e9e apr\u00e8s avoir utilis\u00e9 son pouvoir (utilisation unique).<\/p>\n\n\n\n<figure class=\"wp-block-image size-full is-resized\"><img loading=\"lazy\" decoding=\"async\" width=\"600\" height=\"870\" src=\"https:\/\/pixel.apalis.fr\/wp-content\/uploads\/2025\/01\/Sayori.png\" alt=\"\" class=\"wp-image-219\" style=\"width:250px\" srcset=\"https:\/\/pixel.apalis.fr\/wp-content\/uploads\/2025\/01\/Sayori.png 600w, https:\/\/pixel.apalis.fr\/wp-content\/uploads\/2025\/01\/Sayori-207x300.png 207w\" sizes=\"auto, (max-width: 600px) 100vw, 600px\" \/><\/figure>\n\n\n\n<p><strong>Sayori :<\/strong><br>Apr\u00e8s trois jours, Sayori se suicide.<br>-> Joie Rayonnante : Sayori ne peut pas \u00eatre tu\u00e9e.<br>-> \u00c9crire un po\u00e8me :La premi\u00e8re nuit elle d\u00e9signe un joueur qui deviendra son \u00ab\u00a0ami d&rsquo;enfance\u00a0\u00bb qui devra d\u00e9sormais tout mettre en \u0153uvre pour la faire gagner la partie peut importe son camp. Si il \u00e9choue, lors du suicide de Sayori il se souviendra de tout ce qu&rsquo;il aurait pu faire pour emp\u00eacher \u00e7a et en mourra.<br>-> An Error Occured : Si Sayori vient \u00e0 se suicider \u00e0 cause du pouvoir d&rsquo;un autre joueur, la partie seras glitch\u00e9e, et un joueur se suicideras chaque matin (Monika, Johan et Sayori ne seront pas vis\u00e9s).<\/p>\n\n\n\n<figure class=\"wp-block-image size-full is-resized\"><img loading=\"lazy\" decoding=\"async\" width=\"600\" height=\"870\" src=\"https:\/\/pixel.apalis.fr\/wp-content\/uploads\/2025\/01\/Miho.png\" alt=\"\" class=\"wp-image-220\" style=\"width:250px\" srcset=\"https:\/\/pixel.apalis.fr\/wp-content\/uploads\/2025\/01\/Miho.png 600w, https:\/\/pixel.apalis.fr\/wp-content\/uploads\/2025\/01\/Miho-207x300.png 207w\" sizes=\"auto, (max-width: 600px) 100vw, 600px\" \/><\/figure>\n\n\n\n<p><strong>Miho Tsukamoto :<\/strong><br>-> IRC : En raison de sa maladie, Miho mourras si elle cumule plus de trois voies au vote du village.<br>-> Protection alli\u00e9e : Temps que Miho est vivante, ses alli\u00e9s ne peuvent pas mourir lors du vote.<br>-> Feinte : Une fois par partie,Si un joueur se r\u00e9veille seul se r\u00e9veille pour essayer de tuer Miho, cela n&rsquo;a aucun effet.<br>-> D\u00e9ch\u00e9ance : Si elle est la derni\u00e8re divergente en vie, sa maladie s&rsquo;aggrave, et deux voies suffiront \u00e0 l&rsquo;\u00e9liminer, cependant elle pourras \u00e9liminer jusqu&rsquo;\u00e0 deux joueurs par nuit.<\/p>\n","protected":false},"excerpt":{"rendered":"<p>Ni gentils, ni m\u00e9chant, ce camp doit gagner ensemble, mais avec un gros d\u00e9savantage : Ils ne se connaissent pas. Rosalina : (Divergente Originelle)-> M\u00e8re des Divergent : Ne pouvant pas supporter la mort d&rsquo;un de ses enfants, Rosalina se sacrifieras \u00e0 la place des autres. (Si c&rsquo;est Sayori qui se suicide, Rosalina mourras, mais&#8230;<\/p>\n<p class=\"more-link-wrap\"><a href=\"https:\/\/pixel.apalis.fr\/?page_id=216\" class=\"more-link\">Read More<span class=\"screen-reader-text\"> &ldquo;Divergents&rdquo;<\/span> &raquo;<\/a><\/p>\n","protected":false},"author":1,"featured_media":0,"parent":0,"menu_order":0,"comment_status":"closed","ping_status":"closed","template":"","meta":{"footnotes":""},"class_list":["post-216","page","type-page","status-publish","hentry"],"_links":{"self":[{"href":"https:\/\/pixel.apalis.fr\/index.php?rest_route=\/wp\/v2\/pages\/216","targetHints":{"allow":["GET"]}}],"collection":[{"href":"https:\/\/pixel.apalis.fr\/index.php?rest_route=\/wp\/v2\/pages"}],"about":[{"href":"https:\/\/pixel.apalis.fr\/index.php?rest_route=\/wp\/v2\/types\/page"}],"author":[{"embeddable":true,"href":"https:\/\/pixel.apalis.fr\/index.php?rest_route=\/wp\/v2\/users\/1"}],"replies":[{"embeddable":true,"href":"https:\/\/pixel.apalis.fr\/index.php?rest_route=%2Fwp%2Fv2%2Fcomments&post=216"}],"version-history":[{"count":3,"href":"https:\/\/pixel.apalis.fr\/index.php?rest_route=\/wp\/v2\/pages\/216\/revisions"}],"predecessor-version":[{"id":233,"href":"https:\/\/pixel.apalis.fr\/index.php?rest_route=\/wp\/v2\/pages\/216\/revisions\/233"}],"wp:attachment":[{"href":"https:\/\/pixel.apalis.fr\/index.php?rest_route=%2Fwp%2Fv2%2Fmedia&parent=216"}],"curies":[{"name":"wp","href":"https:\/\/api.w.org\/{rel}","templated":true}]}}