{"id":63,"date":"2023-05-11T12:32:04","date_gmt":"2023-05-11T10:32:04","guid":{"rendered":"https:\/\/pixel.apalis.fr\/?page_id=63"},"modified":"2023-05-11T12:32:05","modified_gmt":"2023-05-11T10:32:05","slug":"uhc","status":"publish","type":"page","link":"https:\/\/pixel.apalis.fr\/?page_id=63","title":{"rendered":"UHC"},"content":{"rendered":"\n<p>Ce ne sont que des minis jeux dites vous ? En fait non ! Un UHC sur Minecraft est bien plus difficile que vous ne pourriez l&rsquo;imaginez. UHC signifie Ultra HardCore, \u00e0 l&rsquo;\u00e9poque ce n&rsquo;\u00e9tait qu&rsquo;un Battle Royal mais o\u00f9 on ne pouvait se heal qu&rsquo;avec des golden apple ou des potions. Mais avec l&rsquo;arriv\u00e9e du Loup Garou UHC (LG UHC) une vaste vari\u00e9t\u00e9 de nouveau UHC ont \u00e9t\u00e9s cr\u00e9\u00e9s mais avec des r\u00f4les et des \u00e9quipes. Voici notre s\u00e9lection de UHC. Nous travaillons en ce moment m\u00eame sur un nouvel UHC de notre invention.<\/p>\n","protected":false},"excerpt":{"rendered":"<p>Ce ne sont que des minis jeux dites vous ? En fait non ! Un UHC sur Minecraft est bien plus difficile que vous ne pourriez l&rsquo;imaginez. UHC signifie Ultra HardCore, \u00e0 l&rsquo;\u00e9poque ce n&rsquo;\u00e9tait qu&rsquo;un Battle Royal mais o\u00f9 on ne pouvait se heal qu&rsquo;avec des golden apple ou des potions. Mais avec l&rsquo;arriv\u00e9e&#8230;<\/p>\n<p class=\"more-link-wrap\"><a href=\"https:\/\/pixel.apalis.fr\/?page_id=63\" class=\"more-link\">Read More<span class=\"screen-reader-text\"> &ldquo;UHC&rdquo;<\/span> &raquo;<\/a><\/p>\n","protected":false},"author":1,"featured_media":64,"parent":0,"menu_order":0,"comment_status":"closed","ping_status":"closed","template":"","meta":{"footnotes":""},"class_list":["post-63","page","type-page","status-publish","has-post-thumbnail","hentry"],"_links":{"self":[{"href":"https:\/\/pixel.apalis.fr\/index.php?rest_route=\/wp\/v2\/pages\/63","targetHints":{"allow":["GET"]}}],"collection":[{"href":"https:\/\/pixel.apalis.fr\/index.php?rest_route=\/wp\/v2\/pages"}],"about":[{"href":"https:\/\/pixel.apalis.fr\/index.php?rest_route=\/wp\/v2\/types\/page"}],"author":[{"embeddable":true,"href":"https:\/\/pixel.apalis.fr\/index.php?rest_route=\/wp\/v2\/users\/1"}],"replies":[{"embeddable":true,"href":"https:\/\/pixel.apalis.fr\/index.php?rest_route=%2Fwp%2Fv2%2Fcomments&post=63"}],"version-history":[{"count":1,"href":"https:\/\/pixel.apalis.fr\/index.php?rest_route=\/wp\/v2\/pages\/63\/revisions"}],"predecessor-version":[{"id":68,"href":"https:\/\/pixel.apalis.fr\/index.php?rest_route=\/wp\/v2\/pages\/63\/revisions\/68"}],"wp:featuredmedia":[{"embeddable":true,"href":"https:\/\/pixel.apalis.fr\/index.php?rest_route=\/wp\/v2\/media\/64"}],"wp:attachment":[{"href":"https:\/\/pixel.apalis.fr\/index.php?rest_route=%2Fwp%2Fv2%2Fmedia&parent=63"}],"curies":[{"name":"wp","href":"https:\/\/api.w.org\/{rel}","templated":true}]}}