{"id":82,"date":"2023-05-16T09:15:33","date_gmt":"2023-05-16T07:15:33","guid":{"rendered":"https:\/\/pixel.apalis.fr\/?page_id=82"},"modified":"2025-01-05T21:17:52","modified_gmt":"2025-01-05T20:17:52","slug":"loup-garou-leveil-des-tenebres","status":"publish","type":"page","link":"https:\/\/pixel.apalis.fr\/?page_id=82","title":{"rendered":"Loup Garou L\u2019\u00c9veil des T\u00e9n\u00e8bres"},"content":{"rendered":"\n<p>Bien le bonjour, bien le bonsoir, ici, je serais votre h\u00f4te ! Moi, L3onard_38 ! Ne vous en faites pas, si vous ne comprenez pas des r\u00f4les, mettez un commentaires, je serais ravi de vous donner de plus amples informations bonus !<\/p>\n\n\n\n<p>Les r\u00e8gles seront divis\u00e9s en plusieurs parties :<br>-&gt; R\u00f4les Villageois (Voyante, sorci\u00e8re&#8230;)<br>-&gt; R\u00f4les Loup garous (Vilain petit loup, infect p\u00e8re des loups&#8230;)<br>-&gt; R\u00f4les Solitaires ou divergents (Pyromane, Ange, Enfant sauvage, Chose&#8230;)<br>-&gt; R\u00f4les d&rsquo;Amours (Cupidon, Rival)<br>-&gt; \u00c9venements (Trublion, Revanche, Trouple&#8230;)<br>-&gt; Fiches du MJ<\/p>\n\n\n\n<figure class=\"wp-block-embed is-type-wp-embed is-provider-pixel-blog wp-block-embed-pixel-blog\"><div class=\"wp-block-embed__wrapper\">\n<blockquote class=\"wp-embedded-content\" data-secret=\"9Wgehk6Z3V\"><a href=\"https:\/\/pixel.apalis.fr\/?page_id=163\">Roles Solos et divergents\u00a0:<\/a><\/blockquote><iframe loading=\"lazy\" class=\"wp-embedded-content\" sandbox=\"allow-scripts\" security=\"restricted\" style=\"position: absolute; visibility: hidden;\" title=\"\u00ab\u00a0Roles Solos et divergents\u00a0:\u00a0\u00bb &#8212; Pixel Blog\" src=\"https:\/\/pixel.apalis.fr\/?page_id=163&#038;embed=true#?secret=N6l9wglotn#?secret=9Wgehk6Z3V\" data-secret=\"9Wgehk6Z3V\" width=\"600\" height=\"338\" frameborder=\"0\" marginwidth=\"0\" marginheight=\"0\" scrolling=\"no\"><\/iframe>\n<\/div><\/figure>\n\n\n\n<figure class=\"wp-block-embed is-type-wp-embed is-provider-pixel-blog wp-block-embed-pixel-blog\"><div class=\"wp-block-embed__wrapper\">\n<blockquote class=\"wp-embedded-content\" data-secret=\"ejG14wRqcJ\"><a href=\"https:\/\/pixel.apalis.fr\/?page_id=168\">Mat\u00e9riel de MJ<\/a><\/blockquote><iframe loading=\"lazy\" class=\"wp-embedded-content\" sandbox=\"allow-scripts\" security=\"restricted\" style=\"position: absolute; visibility: hidden;\" title=\"\u00ab\u00a0Mat\u00e9riel de MJ\u00a0\u00bb &#8212; Pixel Blog\" src=\"https:\/\/pixel.apalis.fr\/?page_id=168&#038;embed=true#?secret=n9La3ecFPN#?secret=ejG14wRqcJ\" data-secret=\"ejG14wRqcJ\" width=\"600\" height=\"338\" frameborder=\"0\" marginwidth=\"0\" marginheight=\"0\" scrolling=\"no\"><\/iframe>\n<\/div><\/figure>\n","protected":false},"excerpt":{"rendered":"<p>Bien le bonjour, bien le bonsoir, ici, je serais votre h\u00f4te ! Moi, L3onard_38 ! Ne vous en faites pas, si vous ne comprenez pas des r\u00f4les, mettez un commentaires, je serais ravi de vous donner de plus amples informations bonus ! Les r\u00e8gles seront divis\u00e9s en plusieurs parties :-&gt; R\u00f4les Villageois (Voyante, sorci\u00e8re&#8230;)-&gt; R\u00f4les&#8230;<\/p>\n<p class=\"more-link-wrap\"><a href=\"https:\/\/pixel.apalis.fr\/?page_id=82\" class=\"more-link\">Read More<span class=\"screen-reader-text\"> &ldquo;Loup Garou L\u2019\u00c9veil des T\u00e9n\u00e8bres&rdquo;<\/span> &raquo;<\/a><\/p>\n","protected":false},"author":1,"featured_media":154,"parent":0,"menu_order":0,"comment_status":"closed","ping_status":"closed","template":"","meta":{"footnotes":""},"class_list":["post-82","page","type-page","status-publish","has-post-thumbnail","hentry"],"_links":{"self":[{"href":"https:\/\/pixel.apalis.fr\/index.php?rest_route=\/wp\/v2\/pages\/82","targetHints":{"allow":["GET"]}}],"collection":[{"href":"https:\/\/pixel.apalis.fr\/index.php?rest_route=\/wp\/v2\/pages"}],"about":[{"href":"https:\/\/pixel.apalis.fr\/index.php?rest_route=\/wp\/v2\/types\/page"}],"author":[{"embeddable":true,"href":"https:\/\/pixel.apalis.fr\/index.php?rest_route=\/wp\/v2\/users\/1"}],"replies":[{"embeddable":true,"href":"https:\/\/pixel.apalis.fr\/index.php?rest_route=%2Fwp%2Fv2%2Fcomments&post=82"}],"version-history":[{"count":5,"href":"https:\/\/pixel.apalis.fr\/index.php?rest_route=\/wp\/v2\/pages\/82\/revisions"}],"predecessor-version":[{"id":172,"href":"https:\/\/pixel.apalis.fr\/index.php?rest_route=\/wp\/v2\/pages\/82\/revisions\/172"}],"wp:featuredmedia":[{"embeddable":true,"href":"https:\/\/pixel.apalis.fr\/index.php?rest_route=\/wp\/v2\/media\/154"}],"wp:attachment":[{"href":"https:\/\/pixel.apalis.fr\/index.php?rest_route=%2Fwp%2Fv2%2Fmedia&parent=82"}],"curies":[{"name":"wp","href":"https:\/\/api.w.org\/{rel}","templated":true}]}}